{"id":68,"date":"2022-03-04T15:18:51","date_gmt":"2022-03-04T14:18:51","guid":{"rendered":"https:\/\/oceanofchanges.com\/en\/?page_id=68"},"modified":"2023-02-20T16:29:38","modified_gmt":"2023-02-20T15:29:38","slug":"workshops","status":"publish","type":"page","link":"https:\/\/oceanofchanges.com\/en\/workshops\/","title":{"rendered":"Workshops"},"content":{"rendered":"<p><strong>The Institute of Oceanology\u00a0 Polish Academy of Sciences, the Sopot Science Association in cooperation with Today We Have<\/strong> invite you to participate in the next edition of the <strong>workshop entitled &#8220;Ocean of changes&#8221;<\/strong>, which will be held at the Institute of Oceanology Polish Academy of Sciences.<\/p>\n<p>Our goal is to build a community whose representatives recognize the sense of implementing the UN Sustainable Development Goals. The philosophy of the &#8220;Ocean of changes&#8221; workshop is to enable the exchange of information\/actions to promote effective transfer of ocean related knowledge to citizens and to activate young people to undertake pro-ecological activities.<\/p>\n<p>Our workshops connect all of us, especially young people and children, who learn from each other to be sensitive to the issues of the marine environment in every aspect, from social issues to strictly environmental matters. During the workshops, students working in groups plan their own project under the slogan &#8220;<strong>Ocean of changes<\/strong>&#8220;. We are open to any form of project: multimedia presentation, poster, performance, film, etc.<\/p>\n<p>Participation in the workshops is kinf of adventure that young people can continue in the further stages of the program. The next stage is the implementation of their own projects, and the culmination of the entire program &#8211; participation in\u00a0<a href=\"https:\/\/oceanofchanges.com\/en\/odn\/km2022\/\">International Junior Conference entitled Where the world is heading?<\/a> for children and young people and the opportunity to present this project during the <a href=\"https:\/\/oceanofchanges.com\/en\/odn\/spn2022\/\">14th Sopot Science Day entitled &#8220;Ocean of Changes&#8221;<\/a> as part of the World Oceans Day on June 11, 2022, where we will provide students with a presentation stand. The participants of the Sopot Science Day will receive a certificate of volunteering.<\/p>\n<p>For the best projects presented at the <a href=\"https:\/\/oceanofchanges.com\/en\/odn\/km2022\/\">International Junior Conference entitled Where the world is heading?<\/a> we provide material prizes for children and young people.<\/p>\n<p>&nbsp;<\/p>\n<p><strong>Workshops will last about 2.5 hours in groups of max. 30 students.<\/strong> Pre-entries are required in the form at the bottom of this page.<\/p>\n<p>&nbsp;<\/p>\n\n      <p class=\"text-center\"><a href=\"https:\/\/oceanofchanges.com\/en\/wp-content\/uploads\/sites\/2\/2022\/04\/Workshops_general_information.pdf\" class=\"btn \" target=\"_blank\">File to download<\/a><\/p>\n","protected":false},"excerpt":{"rendered":"<p>The Institute of Oceanology\u00a0 Polish Academy of Sciences, the Sopot Science Association in cooperation with Today We Have invite you to participate in the next edition of the workshop entitled &#8220;Ocean of changes&#8221;, which will be held at the Institute of Oceanology Polish Academy of Sciences. Our goal is to build a community whose representatives [&hellip;]<\/p>\n","protected":false},"author":2,"featured_media":0,"parent":0,"menu_order":12,"comment_status":"closed","ping_status":"closed","template":"","meta":[],"acf":[],"yoast_head":"<!-- This site is optimized with the Yoast SEO plugin v18.2 - https:\/\/yoast.com\/wordpress\/plugins\/seo\/ -->\n<title>Workshops - Ocean of Changes (EN)<\/title>\n<meta name=\"description\" content=\"Warsztaty o tematyce powi\u0105zanej z ochron\u0105 \u015brodowiska morskiego dla uczni\u00f3w szk\u00f3\u0142 podstawowych i \u015brednich. Ocean of Changes (EN) Workshops\" \/>\n<meta name=\"robots\" content=\"index, follow, max-snippet:-1, max-image-preview:large, max-video-preview:-1\" \/>\n<link rel=\"canonical\" href=\"https:\/\/oceanofchanges.com\/en\/workshops\/\" \/>\n<meta property=\"og:locale\" content=\"en_US\" \/>\n<meta property=\"og:type\" content=\"article\" \/>\n<meta property=\"og:title\" content=\"Workshops - Ocean of Changes (EN)\" \/>\n<meta property=\"og:description\" content=\"Warsztaty o tematyce powi\u0105zanej z ochron\u0105 \u015brodowiska morskiego dla uczni\u00f3w szk\u00f3\u0142 podstawowych i \u015brednich. Ocean of Changes (EN) Workshops\" \/>\n<meta property=\"og:url\" content=\"https:\/\/oceanofchanges.com\/en\/workshops\/\" \/>\n<meta property=\"og:site_name\" content=\"Ocean of Changes (EN)\" \/>\n<meta property=\"article:modified_time\" content=\"2023-02-20T15:29:38+00:00\" \/>\n<meta name=\"twitter:card\" content=\"summary_large_image\" \/>\n<meta name=\"twitter:label1\" content=\"Est. reading time\" \/>\n\t<meta name=\"twitter:data1\" content=\"2 minutes\" \/>\n<script type=\"application\/ld+json\" class=\"yoast-schema-graph\">{\"@context\":\"https:\/\/schema.org\",\"@graph\":[{\"@type\":\"WebSite\",\"@id\":\"https:\/\/oceanofchanges.com\/en\/#website\",\"url\":\"https:\/\/oceanofchanges.com\/en\/\",\"name\":\"Ocean of Changes (EN)\",\"description\":\"Visions about global climate change. Reliable sources of information.\",\"potentialAction\":[{\"@type\":\"SearchAction\",\"target\":{\"@type\":\"EntryPoint\",\"urlTemplate\":\"https:\/\/oceanofchanges.com\/en\/?s={search_term_string}\"},\"query-input\":\"required name=search_term_string\"}],\"inLanguage\":\"en-US\"},{\"@type\":\"WebPage\",\"@id\":\"https:\/\/oceanofchanges.com\/en\/workshops\/#webpage\",\"url\":\"https:\/\/oceanofchanges.com\/en\/workshops\/\",\"name\":\"Workshops - Ocean of Changes (EN)\",\"isPartOf\":{\"@id\":\"https:\/\/oceanofchanges.com\/en\/#website\"},\"datePublished\":\"2022-03-04T14:18:51+00:00\",\"dateModified\":\"2023-02-20T15:29:38+00:00\",\"description\":\"Warsztaty o tematyce powi\u0105zanej z ochron\u0105 \u015brodowiska morskiego dla uczni\u00f3w szk\u00f3\u0142 podstawowych i \u015brednich. Ocean of Changes (EN) Workshops\",\"breadcrumb\":{\"@id\":\"https:\/\/oceanofchanges.com\/en\/workshops\/#breadcrumb\"},\"inLanguage\":\"en-US\",\"potentialAction\":[{\"@type\":\"ReadAction\",\"target\":[\"https:\/\/oceanofchanges.com\/en\/workshops\/\"]}]},{\"@type\":\"BreadcrumbList\",\"@id\":\"https:\/\/oceanofchanges.com\/en\/workshops\/#breadcrumb\",\"itemListElement\":[{\"@type\":\"ListItem\",\"position\":1,\"name\":\"Workshops\"}]}]}<\/script>\n<!-- \/ Yoast SEO plugin. -->","yoast_head_json":{"title":"Workshops - Ocean of Changes (EN)","description":"Warsztaty o tematyce powi\u0105zanej z ochron\u0105 \u015brodowiska morskiego dla uczni\u00f3w szk\u00f3\u0142 podstawowych i \u015brednich. Ocean of Changes (EN) Workshops","robots":{"index":"index","follow":"follow","max-snippet":"max-snippet:-1","max-image-preview":"max-image-preview:large","max-video-preview":"max-video-preview:-1"},"canonical":"https:\/\/oceanofchanges.com\/en\/workshops\/","og_locale":"en_US","og_type":"article","og_title":"Workshops - Ocean of Changes (EN)","og_description":"Warsztaty o tematyce powi\u0105zanej z ochron\u0105 \u015brodowiska morskiego dla uczni\u00f3w szk\u00f3\u0142 podstawowych i \u015brednich. Ocean of Changes (EN) Workshops","og_url":"https:\/\/oceanofchanges.com\/en\/workshops\/","og_site_name":"Ocean of Changes (EN)","article_modified_time":"2023-02-20T15:29:38+00:00","twitter_card":"summary_large_image","twitter_misc":{"Est. reading time":"2 minutes"},"schema":{"@context":"https:\/\/schema.org","@graph":[{"@type":"WebSite","@id":"https:\/\/oceanofchanges.com\/en\/#website","url":"https:\/\/oceanofchanges.com\/en\/","name":"Ocean of Changes (EN)","description":"Visions about global climate change. Reliable sources of information.","potentialAction":[{"@type":"SearchAction","target":{"@type":"EntryPoint","urlTemplate":"https:\/\/oceanofchanges.com\/en\/?s={search_term_string}"},"query-input":"required name=search_term_string"}],"inLanguage":"en-US"},{"@type":"WebPage","@id":"https:\/\/oceanofchanges.com\/en\/workshops\/#webpage","url":"https:\/\/oceanofchanges.com\/en\/workshops\/","name":"Workshops - Ocean of Changes (EN)","isPartOf":{"@id":"https:\/\/oceanofchanges.com\/en\/#website"},"datePublished":"2022-03-04T14:18:51+00:00","dateModified":"2023-02-20T15:29:38+00:00","description":"Warsztaty o tematyce powi\u0105zanej z ochron\u0105 \u015brodowiska morskiego dla uczni\u00f3w szk\u00f3\u0142 podstawowych i \u015brednich. Ocean of Changes (EN) Workshops","breadcrumb":{"@id":"https:\/\/oceanofchanges.com\/en\/workshops\/#breadcrumb"},"inLanguage":"en-US","potentialAction":[{"@type":"ReadAction","target":["https:\/\/oceanofchanges.com\/en\/workshops\/"]}]},{"@type":"BreadcrumbList","@id":"https:\/\/oceanofchanges.com\/en\/workshops\/#breadcrumb","itemListElement":[{"@type":"ListItem","position":1,"name":"Workshops"}]}]}},"_links":{"self":[{"href":"https:\/\/oceanofchanges.com\/en\/wp-json\/wp\/v2\/pages\/68"}],"collection":[{"href":"https:\/\/oceanofchanges.com\/en\/wp-json\/wp\/v2\/pages"}],"about":[{"href":"https:\/\/oceanofchanges.com\/en\/wp-json\/wp\/v2\/types\/page"}],"author":[{"embeddable":true,"href":"https:\/\/oceanofchanges.com\/en\/wp-json\/wp\/v2\/users\/2"}],"replies":[{"embeddable":true,"href":"https:\/\/oceanofchanges.com\/en\/wp-json\/wp\/v2\/comments?post=68"}],"version-history":[{"count":35,"href":"https:\/\/oceanofchanges.com\/en\/wp-json\/wp\/v2\/pages\/68\/revisions"}],"predecessor-version":[{"id":1637,"href":"https:\/\/oceanofchanges.com\/en\/wp-json\/wp\/v2\/pages\/68\/revisions\/1637"}],"wp:attachment":[{"href":"https:\/\/oceanofchanges.com\/en\/wp-json\/wp\/v2\/media?parent=68"}],"curies":[{"name":"wp","href":"https:\/\/api.w.org\/{rel}","templated":true}]}}